{"id":467,"date":"2022-06-25T00:05:44","date_gmt":"2022-06-25T05:05:44","guid":{"rendered":"http:\/\/localhost:8000\/?post_type=product&#038;p=467"},"modified":"2022-07-18T15:53:22","modified_gmt":"2022-07-18T20:53:22","slug":"conector-rj11-4p4w","status":"publish","type":"product","link":"https:\/\/www.unimaxcatalog.com\/newsite\/?product=conector-rj11-4p4w","title":{"rendered":"Conector RJ11 4P4W"},"content":{"rendered":"<p><strong>Conector RJ11 <\/strong><\/p>\n<p><u>Descripci\u00f3n:<\/u><\/p>\n<p>El RJ-11 es un conector usado mayoritariamente para enlazar redes de telefon\u00eda. Es de medidas reducidas y tiene cuatro contactos como para soportar 4 vias de 2 cables. Es el conector m\u00e1s difundido globalmente para la conexi\u00f3n de aparatos telef\u00f3nicos.<\/p>\n","protected":false},"excerpt":{"rendered":"<p>Conector RJ11 Descripci\u00f3n: El RJ-11 es un conector usado mayoritariamente para enlazar redes de telefon\u00eda. Es de medidas reducidas y tiene cuatro contactos como para soportar 4 vias de 2 cables. Es el conector m\u00e1s difundido globalmente para la conexi\u00f3n de aparatos telef\u00f3nicos.<\/p>\n","protected":false},"featured_media":725,"comment_status":"open","ping_status":"closed","template":"","meta":[],"product_cat":[56,101],"product_tag":[102,105,32,59,104,103,106,31,54],"class_list":{"0":"post-467","1":"product","2":"type-product","3":"status-publish","4":"has-post-thumbnail","6":"product_cat-conectores-y-accesorios","7":"product_cat-telefonia-cat3","8":"product_tag-cat3","9":"product_tag-connecting-block","10":"product_tag-panama","11":"product_tag-rj11","12":"product_tag-rj12","13":"product_tag-tapas-telefonicas","14":"product_tag-telefonia","15":"product_tag-unimax","16":"product_tag-utp","18":"first","19":"instock","20":"shipping-taxable","21":"product-type-simple"},"_links":{"self":[{"href":"https:\/\/www.unimaxcatalog.com\/newsite\/index.php?rest_route=\/wp\/v2\/product\/467","targetHints":{"allow":["GET"]}}],"collection":[{"href":"https:\/\/www.unimaxcatalog.com\/newsite\/index.php?rest_route=\/wp\/v2\/product"}],"about":[{"href":"https:\/\/www.unimaxcatalog.com\/newsite\/index.php?rest_route=\/wp\/v2\/types\/product"}],"replies":[{"embeddable":true,"href":"https:\/\/www.unimaxcatalog.com\/newsite\/index.php?rest_route=%2Fwp%2Fv2%2Fcomments&post=467"}],"wp:featuredmedia":[{"embeddable":true,"href":"https:\/\/www.unimaxcatalog.com\/newsite\/index.php?rest_route=\/wp\/v2\/media\/725"}],"wp:attachment":[{"href":"https:\/\/www.unimaxcatalog.com\/newsite\/index.php?rest_route=%2Fwp%2Fv2%2Fmedia&parent=467"}],"wp:term":[{"taxonomy":"product_cat","embeddable":true,"href":"https:\/\/www.unimaxcatalog.com\/newsite\/index.php?rest_route=%2Fwp%2Fv2%2Fproduct_cat&post=467"},{"taxonomy":"product_tag","embeddable":true,"href":"https:\/\/www.unimaxcatalog.com\/newsite\/index.php?rest_route=%2Fwp%2Fv2%2Fproduct_tag&post=467"}],"curies":[{"name":"wp","href":"https:\/\/api.w.org\/{rel}","templated":true}]}}