{"id":6,"date":"2022-06-24T03:30:57","date_gmt":"2022-06-24T03:30:57","guid":{"rendered":"http:\/\/localhost:8000\/?page_id=6"},"modified":"2022-07-03T21:11:01","modified_gmt":"2022-07-04T02:11:01","slug":"tienda","status":"publish","type":"page","link":"https:\/\/www.unimaxcatalog.com\/newsite\/","title":{"rendered":"Bienvenidos"},"content":{"rendered":"\n<p>UNIMAX es la opci\u00f3n m\u00e1s inteligente, proporcionando la gama m\u00e1s completa de soluciones para satisfacer las necesidades de los edificios residenciales, comerciales e industriales de hoy en d\u00eda.<\/p>\n\n\n\n<p>Llegamos a Latinoam\u00e9rica para crear entornos sostenibles e inteligentes a trav\u00e9s de&nbsp; nuestros productos de conectividad&nbsp; brindando&nbsp;calidad, satisfacci\u00f3n,&nbsp; entrega r\u00e1pida, eficiente,soluciones de conectividadde red y centro de datos.<\/p>\n\n\n\n<p>Nuestras soluciones incluyen productos para Cableado Estructurado, Redes Locales y&nbsp;Comunicaciones Digitales IP.<\/p>\n\n\n\n<h2 class=\"wp-block-heading\">Unimax Premium<\/h2>\n\n\n<div data-block-name=\"woocommerce\/product-new\" data-columns=\"4\" data-rows=\"2\" data-align-buttons=\"true\" data-categories=\"[85]\" data-content-visibility=\"{&quot;image&quot;:true,&quot;title&quot;:true,&quot;price&quot;:false,&quot;rating&quot;:false,&quot;button&quot;:true}\" class=\"wc-block-grid wp-block-product-new wc-block-product-new has-4-columns has-multiple-rows has-aligned-buttons\"><ul class=\"wc-block-grid__products\"><li class=\"wc-block-grid__product\">\n\t\t\t\t<a href=\"https:\/\/www.unimaxcatalog.com\/newsite\/?product=patch-panel-cat6a-24-port\" class=\"wc-block-grid__product-link\">\n\t\t\t\t\t<div class=\"wc-block-grid__product-image\"><img loading=\"lazy\" decoding=\"async\" width=\"300\" height=\"300\" src=\"https:\/\/www.unimaxcatalog.com\/newsite\/wp-content\/uploads\/2022\/06\/patch-panel-300x300.jpg\" class=\"attachment-woocommerce_thumbnail size-woocommerce_thumbnail\" alt=\"PATCH PANEL CAT6A 24 PORT\" srcset=\"https:\/\/www.unimaxcatalog.com\/newsite\/wp-content\/uploads\/2022\/06\/patch-panel-300x300.jpg 300w, https:\/\/www.unimaxcatalog.com\/newsite\/wp-content\/uploads\/2022\/06\/patch-panel-100x100.jpg 100w, https:\/\/www.unimaxcatalog.com\/newsite\/wp-content\/uploads\/2022\/06\/patch-panel-150x150.jpg 150w\" sizes=\"auto, (max-width: 300px) 100vw, 300px\" \/><\/div>\n\t\t\t\t\t<div class=\"wc-block-grid__product-title\">PATCH PANEL CAT6A 24 PORT<\/div>\n\t\t\t\t<\/a>\n\t\t\t\t\n\t\t\t\t\n\t\t\t\t\n\t\t\t\t<div class=\"wp-block-button wc-block-grid__product-add-to-cart\"><a href=\"https:\/\/www.unimaxcatalog.com\/newsite\/?product=patch-panel-cat6a-24-port\" aria-label=\"Read more about &ldquo;PATCH PANEL CAT6A 24 PORT&rdquo;\" data-quantity=\"1\" data-product_id=\"553\" data-product_sku=\"HC-PR-PP-C6-24PA\" rel=\"nofollow\" class=\"wp-block-button__link add_to_cart_button\">Read more<\/a><\/div>\n\t\t\t<\/li><li class=\"wc-block-grid__product\">\n\t\t\t\t<a href=\"https:\/\/www.unimaxcatalog.com\/newsite\/?product=patch-cord-7ft-cat6a-azul\" class=\"wc-block-grid__product-link\">\n\t\t\t\t\t<div class=\"wc-block-grid__product-image\"><img loading=\"lazy\" decoding=\"async\" width=\"300\" height=\"300\" src=\"https:\/\/www.unimaxcatalog.com\/newsite\/wp-content\/uploads\/2022\/06\/CAT6A-7FT-300x300.jpg\" class=\"attachment-woocommerce_thumbnail size-woocommerce_thumbnail\" alt=\"PATCH CORD 7FT CAT6A AZUL\" srcset=\"https:\/\/www.unimaxcatalog.com\/newsite\/wp-content\/uploads\/2022\/06\/CAT6A-7FT-300x300.jpg 300w, https:\/\/www.unimaxcatalog.com\/newsite\/wp-content\/uploads\/2022\/06\/CAT6A-7FT-100x100.jpg 100w, https:\/\/www.unimaxcatalog.com\/newsite\/wp-content\/uploads\/2022\/06\/CAT6A-7FT-150x150.jpg 150w, https:\/\/www.unimaxcatalog.com\/newsite\/wp-content\/uploads\/2022\/06\/CAT6A-7FT-416x416.jpg 416w, https:\/\/www.unimaxcatalog.com\/newsite\/wp-content\/uploads\/2022\/06\/CAT6A-7FT.jpg 500w\" sizes=\"auto, (max-width: 300px) 100vw, 300px\" \/><\/div>\n\t\t\t\t\t<div class=\"wc-block-grid__product-title\">PATCH CORD 7FT CAT6A AZUL<\/div>\n\t\t\t\t<\/a>\n\t\t\t\t\n\t\t\t\t\n\t\t\t\t\n\t\t\t\t<div class=\"wp-block-button wc-block-grid__product-add-to-cart\"><a href=\"https:\/\/www.unimaxcatalog.com\/newsite\/?product=patch-cord-7ft-cat6a-azul\" aria-label=\"Read more about &ldquo;PATCH CORD 7FT CAT6A AZUL&rdquo;\" data-quantity=\"1\" data-product_id=\"552\" data-product_sku=\"HC-PR-PCC6A07-BL\" rel=\"nofollow\" class=\"wp-block-button__link add_to_cart_button\">Read more<\/a><\/div>\n\t\t\t<\/li><li class=\"wc-block-grid__product\">\n\t\t\t\t<a href=\"https:\/\/www.unimaxcatalog.com\/newsite\/?product=patch-cord-3ft-cat6a-azul\" class=\"wc-block-grid__product-link\">\n\t\t\t\t\t<div class=\"wc-block-grid__product-image\"><img loading=\"lazy\" decoding=\"async\" width=\"300\" height=\"300\" src=\"https:\/\/www.unimaxcatalog.com\/newsite\/wp-content\/uploads\/2022\/06\/CAT6A-3FT-300x300.jpg\" class=\"attachment-woocommerce_thumbnail size-woocommerce_thumbnail\" alt=\"PATCH CORD 3FT CAT6A AZUL\" srcset=\"https:\/\/www.unimaxcatalog.com\/newsite\/wp-content\/uploads\/2022\/06\/CAT6A-3FT-300x300.jpg 300w, https:\/\/www.unimaxcatalog.com\/newsite\/wp-content\/uploads\/2022\/06\/CAT6A-3FT-100x100.jpg 100w, https:\/\/www.unimaxcatalog.com\/newsite\/wp-content\/uploads\/2022\/06\/CAT6A-3FT-150x150.jpg 150w\" sizes=\"auto, (max-width: 300px) 100vw, 300px\" \/><\/div>\n\t\t\t\t\t<div class=\"wc-block-grid__product-title\">PATCH CORD 3FT CAT6A AZUL<\/div>\n\t\t\t\t<\/a>\n\t\t\t\t\n\t\t\t\t\n\t\t\t\t\n\t\t\t\t<div class=\"wp-block-button wc-block-grid__product-add-to-cart\"><a href=\"https:\/\/www.unimaxcatalog.com\/newsite\/?product=patch-cord-3ft-cat6a-azul\" aria-label=\"Read more about &ldquo;PATCH CORD 3FT CAT6A AZUL&rdquo;\" data-quantity=\"1\" data-product_id=\"551\" data-product_sku=\"HC-PR-PCC6A03-BL\" rel=\"nofollow\" class=\"wp-block-button__link add_to_cart_button\">Read more<\/a><\/div>\n\t\t\t<\/li><li class=\"wc-block-grid__product\">\n\t\t\t\t<a href=\"https:\/\/www.unimaxcatalog.com\/newsite\/?product=patch-cord-7ft-cat6-azul\" class=\"wc-block-grid__product-link\">\n\t\t\t\t\t<div class=\"wc-block-grid__product-image\"><img loading=\"lazy\" decoding=\"async\" width=\"300\" height=\"300\" src=\"https:\/\/www.unimaxcatalog.com\/newsite\/wp-content\/uploads\/2022\/06\/Patch-cord-cat5e-2_0m-blue-300x300.jpg\" class=\"attachment-woocommerce_thumbnail size-woocommerce_thumbnail\" alt=\"PATCH CORD 7FT CAT6 AZUL\" srcset=\"https:\/\/www.unimaxcatalog.com\/newsite\/wp-content\/uploads\/2022\/06\/Patch-cord-cat5e-2_0m-blue-300x300.jpg 300w, https:\/\/www.unimaxcatalog.com\/newsite\/wp-content\/uploads\/2022\/06\/Patch-cord-cat5e-2_0m-blue-100x100.jpg 100w, https:\/\/www.unimaxcatalog.com\/newsite\/wp-content\/uploads\/2022\/06\/Patch-cord-cat5e-2_0m-blue-150x150.jpg 150w\" sizes=\"auto, (max-width: 300px) 100vw, 300px\" \/><\/div>\n\t\t\t\t\t<div class=\"wc-block-grid__product-title\">PATCH CORD 7FT CAT6 AZUL<\/div>\n\t\t\t\t<\/a>\n\t\t\t\t\n\t\t\t\t\n\t\t\t\t\n\t\t\t\t<div class=\"wp-block-button wc-block-grid__product-add-to-cart\"><a href=\"https:\/\/www.unimaxcatalog.com\/newsite\/?product=patch-cord-7ft-cat6-azul\" aria-label=\"Read more about &ldquo;PATCH CORD 7FT CAT6 AZUL&rdquo;\" data-quantity=\"1\" data-product_id=\"550\" data-product_sku=\"HC-PR-PCC607-BL\" rel=\"nofollow\" class=\"wp-block-button__link add_to_cart_button\">Read more<\/a><\/div>\n\t\t\t<\/li><li class=\"wc-block-grid__product\">\n\t\t\t\t<a href=\"https:\/\/www.unimaxcatalog.com\/newsite\/?product=patch-cord-3ft-cat6-azul\" class=\"wc-block-grid__product-link\">\n\t\t\t\t\t<div class=\"wc-block-grid__product-image\"><img loading=\"lazy\" decoding=\"async\" width=\"300\" height=\"300\" src=\"https:\/\/www.unimaxcatalog.com\/newsite\/wp-content\/uploads\/2022\/06\/3FT-300x300.jpg\" class=\"attachment-woocommerce_thumbnail size-woocommerce_thumbnail\" alt=\"PATCH CORD 3FT CAT6 AZUL\" srcset=\"https:\/\/www.unimaxcatalog.com\/newsite\/wp-content\/uploads\/2022\/06\/3FT-300x300.jpg 300w, https:\/\/www.unimaxcatalog.com\/newsite\/wp-content\/uploads\/2022\/06\/3FT-100x100.jpg 100w, https:\/\/www.unimaxcatalog.com\/newsite\/wp-content\/uploads\/2022\/06\/3FT-150x150.jpg 150w, https:\/\/www.unimaxcatalog.com\/newsite\/wp-content\/uploads\/2022\/06\/3FT.jpg 400w\" sizes=\"auto, (max-width: 300px) 100vw, 300px\" \/><\/div>\n\t\t\t\t\t<div class=\"wc-block-grid__product-title\">PATCH CORD 3FT CAT6 AZUL<\/div>\n\t\t\t\t<\/a>\n\t\t\t\t\n\t\t\t\t\n\t\t\t\t\n\t\t\t\t<div class=\"wp-block-button wc-block-grid__product-add-to-cart\"><a href=\"https:\/\/www.unimaxcatalog.com\/newsite\/?product=patch-cord-3ft-cat6-azul\" aria-label=\"Read more about &ldquo;PATCH CORD 3FT CAT6 AZUL&rdquo;\" data-quantity=\"1\" data-product_id=\"549\" data-product_sku=\"HC-PR-PCC603-BL\" rel=\"nofollow\" class=\"wp-block-button__link add_to_cart_button\">Read more<\/a><\/div>\n\t\t\t<\/li><li class=\"wc-block-grid__product\">\n\t\t\t\t<a href=\"https:\/\/www.unimaxcatalog.com\/newsite\/?product=keystone-jack-cat6-blue\" class=\"wc-block-grid__product-link\">\n\t\t\t\t\t<div class=\"wc-block-grid__product-image\"><img loading=\"lazy\" decoding=\"async\" width=\"300\" height=\"300\" src=\"https:\/\/www.unimaxcatalog.com\/newsite\/wp-content\/uploads\/2022\/06\/keystone-CJ688TGBU-300x300.jpg\" class=\"attachment-woocommerce_thumbnail size-woocommerce_thumbnail\" alt=\"KEYSTONE JACK CAT6 BLUE\" srcset=\"https:\/\/www.unimaxcatalog.com\/newsite\/wp-content\/uploads\/2022\/06\/keystone-CJ688TGBU-300x300.jpg 300w, https:\/\/www.unimaxcatalog.com\/newsite\/wp-content\/uploads\/2022\/06\/keystone-CJ688TGBU-100x100.jpg 100w, https:\/\/www.unimaxcatalog.com\/newsite\/wp-content\/uploads\/2022\/06\/keystone-CJ688TGBU-150x150.jpg 150w, https:\/\/www.unimaxcatalog.com\/newsite\/wp-content\/uploads\/2022\/06\/keystone-CJ688TGBU-416x416.jpg 416w, https:\/\/www.unimaxcatalog.com\/newsite\/wp-content\/uploads\/2022\/06\/keystone-CJ688TGBU.jpg 420w\" sizes=\"auto, (max-width: 300px) 100vw, 300px\" \/><\/div>\n\t\t\t\t\t<div class=\"wc-block-grid__product-title\">KEYSTONE JACK CAT6 BLUE<\/div>\n\t\t\t\t<\/a>\n\t\t\t\t\n\t\t\t\t\n\t\t\t\t\n\t\t\t\t<div class=\"wp-block-button wc-block-grid__product-add-to-cart\"><a href=\"https:\/\/www.unimaxcatalog.com\/newsite\/?product=keystone-jack-cat6-blue\" aria-label=\"Read more about &ldquo;KEYSTONE JACK CAT6 BLUE&rdquo;\" data-quantity=\"1\" data-product_id=\"548\" data-product_sku=\"HC-PR-KJ-C6-BL\" rel=\"nofollow\" class=\"wp-block-button__link add_to_cart_button\">Read more<\/a><\/div>\n\t\t\t<\/li><li class=\"wc-block-grid__product\">\n\t\t\t\t<a href=\"https:\/\/www.unimaxcatalog.com\/newsite\/?product=keystone-jack-cat6a-white\" class=\"wc-block-grid__product-link\">\n\t\t\t\t\t<div class=\"wc-block-grid__product-image\"><img loading=\"lazy\" decoding=\"async\" width=\"300\" height=\"300\" src=\"https:\/\/www.unimaxcatalog.com\/newsite\/wp-content\/uploads\/2022\/06\/100-211_rear-300x300.jpg\" class=\"attachment-woocommerce_thumbnail size-woocommerce_thumbnail\" alt=\"KEYSTONE JACK CAT6A WHITE\" srcset=\"https:\/\/www.unimaxcatalog.com\/newsite\/wp-content\/uploads\/2022\/06\/100-211_rear-300x300.jpg 300w, https:\/\/www.unimaxcatalog.com\/newsite\/wp-content\/uploads\/2022\/06\/100-211_rear-100x100.jpg 100w, https:\/\/www.unimaxcatalog.com\/newsite\/wp-content\/uploads\/2022\/06\/100-211_rear-150x150.jpg 150w\" sizes=\"auto, (max-width: 300px) 100vw, 300px\" \/><\/div>\n\t\t\t\t\t<div class=\"wc-block-grid__product-title\">KEYSTONE JACK CAT6A WHITE<\/div>\n\t\t\t\t<\/a>\n\t\t\t\t\n\t\t\t\t\n\t\t\t\t\n\t\t\t\t<div class=\"wp-block-button wc-block-grid__product-add-to-cart\"><a href=\"https:\/\/www.unimaxcatalog.com\/newsite\/?product=keystone-jack-cat6a-white\" aria-label=\"Read more about &ldquo;KEYSTONE JACK CAT6A WHITE&rdquo;\" data-quantity=\"1\" data-product_id=\"547\" data-product_sku=\"HC-PR-KJ-C6A-WH\" rel=\"nofollow\" class=\"wp-block-button__link add_to_cart_button\">Read more<\/a><\/div>\n\t\t\t<\/li><li class=\"wc-block-grid__product\">\n\t\t\t\t<a href=\"https:\/\/www.unimaxcatalog.com\/newsite\/?product=premium-face-plate-2-port\" class=\"wc-block-grid__product-link\">\n\t\t\t\t\t<div class=\"wc-block-grid__product-image\"><img loading=\"lazy\" decoding=\"async\" width=\"300\" height=\"300\" src=\"https:\/\/www.unimaxcatalog.com\/newsite\/wp-content\/uploads\/2022\/06\/face-plate-2-300x300.jpg\" class=\"attachment-woocommerce_thumbnail size-woocommerce_thumbnail\" alt=\"PREMIUM FACE PLATE 2 PORT\" srcset=\"https:\/\/www.unimaxcatalog.com\/newsite\/wp-content\/uploads\/2022\/06\/face-plate-2-300x300.jpg 300w, https:\/\/www.unimaxcatalog.com\/newsite\/wp-content\/uploads\/2022\/06\/face-plate-2-100x100.jpg 100w, https:\/\/www.unimaxcatalog.com\/newsite\/wp-content\/uploads\/2022\/06\/face-plate-2-150x150.jpg 150w\" sizes=\"auto, (max-width: 300px) 100vw, 300px\" \/><\/div>\n\t\t\t\t\t<div class=\"wc-block-grid__product-title\">PREMIUM FACE PLATE 2 PORT<\/div>\n\t\t\t\t<\/a>\n\t\t\t\t\n\t\t\t\t\n\t\t\t\t\n\t\t\t\t<div class=\"wp-block-button wc-block-grid__product-add-to-cart\"><a href=\"https:\/\/www.unimaxcatalog.com\/newsite\/?product=premium-face-plate-2-port\" aria-label=\"Read more about &ldquo;PREMIUM FACE PLATE 2 PORT&rdquo;\" data-quantity=\"1\" data-product_id=\"546\" data-product_sku=\"HC-PR-FP-2P-WH\" rel=\"nofollow\" class=\"wp-block-button__link add_to_cart_button\">Read more<\/a><\/div>\n\t\t\t<\/li><\/ul><\/div>","protected":false},"excerpt":{"rendered":"<p>UNIMAX es la opci\u00f3n m\u00e1s inteligente, proporcionando la gama m\u00e1s completa de soluciones para satisfacer las necesidades de los edificios residenciales, comerciales e industriales de hoy en d\u00eda. Llegamos a Latinoam\u00e9rica para crear entornos sostenibles e inteligentes a trav\u00e9s de&nbsp; nuestros productos de conectividad&nbsp; brindando&nbsp;calidad, satisfacci\u00f3n,&nbsp; entrega r\u00e1pida, eficiente,soluciones de conectividadde red y centro de &#8230; <a title=\"Bienvenidos\" class=\"read-more\" href=\"https:\/\/www.unimaxcatalog.com\/newsite\/\" aria-label=\"M\u00e1s en Bienvenidos\">Leer m\u00e1s<\/a><\/p>\n","protected":false},"author":1,"featured_media":0,"parent":0,"menu_order":0,"comment_status":"closed","ping_status":"closed","template":"","meta":{"footnotes":""},"class_list":["post-6","page","type-page","status-publish"],"_links":{"self":[{"href":"https:\/\/www.unimaxcatalog.com\/newsite\/index.php?rest_route=\/wp\/v2\/pages\/6","targetHints":{"allow":["GET"]}}],"collection":[{"href":"https:\/\/www.unimaxcatalog.com\/newsite\/index.php?rest_route=\/wp\/v2\/pages"}],"about":[{"href":"https:\/\/www.unimaxcatalog.com\/newsite\/index.php?rest_route=\/wp\/v2\/types\/page"}],"author":[{"embeddable":true,"href":"https:\/\/www.unimaxcatalog.com\/newsite\/index.php?rest_route=\/wp\/v2\/users\/1"}],"replies":[{"embeddable":true,"href":"https:\/\/www.unimaxcatalog.com\/newsite\/index.php?rest_route=%2Fwp%2Fv2%2Fcomments&post=6"}],"version-history":[{"count":4,"href":"https:\/\/www.unimaxcatalog.com\/newsite\/index.php?rest_route=\/wp\/v2\/pages\/6\/revisions"}],"predecessor-version":[{"id":1097,"href":"https:\/\/www.unimaxcatalog.com\/newsite\/index.php?rest_route=\/wp\/v2\/pages\/6\/revisions\/1097"}],"wp:attachment":[{"href":"https:\/\/www.unimaxcatalog.com\/newsite\/index.php?rest_route=%2Fwp%2Fv2%2Fmedia&parent=6"}],"curies":[{"name":"wp","href":"https:\/\/api.w.org\/{rel}","templated":true}]}}