{"id":1085,"date":"2022-07-03T20:51:46","date_gmt":"2022-07-04T01:51:46","guid":{"rendered":"http:\/\/localhost:8000\/?page_id=1085"},"modified":"2022-07-03T20:51:47","modified_gmt":"2022-07-04T01:51:47","slug":"nosotros","status":"publish","type":"page","link":"https:\/\/www.unimaxcatalog.com\/newsite\/?page_id=1085","title":{"rendered":"Nosotros"},"content":{"rendered":"\n<p>Le brindamos el suministro altamente tecnol\u00f3gico de equipos activos y pasivos para redes locales, cableado estructurado y comunicaci\u00f3n digital IP. Experiencia y calidad en materia de comunicaciones y tecnolog\u00eda de punta que nos caracteriza, d\u00e1ndoles respuesta profesionales y un equipo altamente capacidad para todas sus necesidades presentes o futuras.<\/p>\n\n\n\n<p>Alta tecnolog\u00eda en Panam\u00e1, A tu alcance!<\/p>\n","protected":false},"excerpt":{"rendered":"<p>Le brindamos el suministro altamente tecnol\u00f3gico de equipos activos y pasivos para redes locales, cableado estructurado y comunicaci\u00f3n digital IP. Experiencia y calidad en materia de comunicaciones y tecnolog\u00eda de punta que nos caracteriza, d\u00e1ndoles respuesta profesionales y un equipo altamente capacidad para todas sus necesidades presentes o futuras. Alta tecnolog\u00eda en Panam\u00e1, A tu &#8230; <a title=\"Nosotros\" class=\"read-more\" href=\"https:\/\/www.unimaxcatalog.com\/newsite\/?page_id=1085\" aria-label=\"M\u00e1s en Nosotros\">Leer m\u00e1s<\/a><\/p>\n","protected":false},"author":1,"featured_media":0,"parent":0,"menu_order":0,"comment_status":"closed","ping_status":"closed","template":"","meta":{"footnotes":""},"class_list":["post-1085","page","type-page","status-publish"],"_links":{"self":[{"href":"https:\/\/www.unimaxcatalog.com\/newsite\/index.php?rest_route=\/wp\/v2\/pages\/1085","targetHints":{"allow":["GET"]}}],"collection":[{"href":"https:\/\/www.unimaxcatalog.com\/newsite\/index.php?rest_route=\/wp\/v2\/pages"}],"about":[{"href":"https:\/\/www.unimaxcatalog.com\/newsite\/index.php?rest_route=\/wp\/v2\/types\/page"}],"author":[{"embeddable":true,"href":"https:\/\/www.unimaxcatalog.com\/newsite\/index.php?rest_route=\/wp\/v2\/users\/1"}],"replies":[{"embeddable":true,"href":"https:\/\/www.unimaxcatalog.com\/newsite\/index.php?rest_route=%2Fwp%2Fv2%2Fcomments&post=1085"}],"version-history":[{"count":1,"href":"https:\/\/www.unimaxcatalog.com\/newsite\/index.php?rest_route=\/wp\/v2\/pages\/1085\/revisions"}],"predecessor-version":[{"id":1086,"href":"https:\/\/www.unimaxcatalog.com\/newsite\/index.php?rest_route=\/wp\/v2\/pages\/1085\/revisions\/1086"}],"wp:attachment":[{"href":"https:\/\/www.unimaxcatalog.com\/newsite\/index.php?rest_route=%2Fwp%2Fv2%2Fmedia&parent=1085"}],"curies":[{"name":"wp","href":"https:\/\/api.w.org\/{rel}","templated":true}]}}